{"id":1286,"date":"2025-04-01T11:03:02","date_gmt":"2025-04-01T14:03:02","guid":{"rendered":"https:\/\/apartbahia.com\/home2025\/?page_id=1286"},"modified":"2025-04-01T11:39:04","modified_gmt":"2025-04-01T14:39:04","slug":"complejo","status":"publish","type":"page","link":"https:\/\/apartbahia.com\/home2025\/complejo\/","title":{"rendered":"El complejo"},"content":{"rendered":"\t\t<div data-elementor-type=\"wp-page\" data-elementor-id=\"1286\" class=\"elementor elementor-1286\" data-elementor-post-type=\"page\">\n\t\t\t\t<div class=\"elementor-element elementor-element-b61fe82 e-flex e-con-boxed e-con e-parent\" data-id=\"b61fe82\" data-element_type=\"container\" data-settings=\"{&quot;background_background&quot;:&quot;classic&quot;}\">\n\t\t\t\t\t<div class=\"e-con-inner\">\n\t\t\t\t<div class=\"elementor-element elementor-element-27b5efa elementor-widget elementor-widget-heading\" data-id=\"27b5efa\" data-element_type=\"widget\" data-widget_type=\"heading.default\">\n\t\t\t\t<div class=\"elementor-widget-container\">\n\t\t\t\t\t<h2 class=\"elementor-heading-title elementor-size-default\">Experiencia Bah\u00eda Apart &amp; Spa<\/h2>\t\t\t\t<\/div>\n\t\t\t\t<\/div>\n\t\t\t\t<div class=\"elementor-element elementor-element-d3714d3 elementor-widget elementor-widget-heading\" data-id=\"d3714d3\" data-element_type=\"widget\" data-widget_type=\"heading.default\">\n\t\t\t\t<div class=\"elementor-widget-container\">\n\t\t\t\t\t<h2 class=\"elementor-heading-title elementor-size-default\">El complejo<\/h2>\t\t\t\t<\/div>\n\t\t\t\t<\/div>\n\t\t\t\t\t<\/div>\n\t\t\t\t<\/div>\n\t\t<div class=\"elementor-element elementor-element-ac5940a e-flex e-con-boxed e-con e-parent\" data-id=\"ac5940a\" data-element_type=\"container\">\n\t\t\t\t\t<div class=\"e-con-inner\">\n\t\t\t\t<div class=\"elementor-element elementor-element-f9c4392 elementor-widget elementor-widget-heading\" data-id=\"f9c4392\" data-element_type=\"widget\" data-widget_type=\"heading.default\">\n\t\t\t\t<div class=\"elementor-widget-container\">\n\t\t\t\t\t<h2 class=\"elementor-heading-title elementor-size-default\">Nuestras instalaciones<\/h2>\t\t\t\t<\/div>\n\t\t\t\t<\/div>\n\t\t\t\t\t<\/div>\n\t\t\t\t<\/div>\n\t\t<div class=\"elementor-element elementor-element-53bdf4f e-flex e-con-boxed e-con e-parent\" data-id=\"53bdf4f\" data-element_type=\"container\">\n\t\t\t\t\t<div class=\"e-con-inner\">\n\t\t\t\t<div class=\"elementor-element elementor-element-e9eb952 elementor-widget elementor-widget-heading\" data-id=\"e9eb952\" data-element_type=\"widget\" data-widget_type=\"heading.default\">\n\t\t\t\t<div class=\"elementor-widget-container\">\n\t\t\t\t\t<h2 class=\"elementor-heading-title elementor-size-default\">Emplazado en la exclusiva zona de<b> Bah\u00eda de los Vientos (Quequ\u00e9n)<\/b>, BAH\u00cdA APART &amp; SPA te ofrece todo lo necesario para que disfrutes de un<b> descanso c\u00e1lido y placentero<\/b>, enmarcado por el sonido y el aire del mar.<br><br>Cada unidad cuenta con terrazas amobladas para el disfrute del paisaje, y es com\u00fan a todas una zona de piscina externa climatizada con sombrillas, camastros y solarium.<\/h2>\t\t\t\t<\/div>\n\t\t\t\t<\/div>\n\t\t\t\t\t<\/div>\n\t\t\t\t<\/div>\n\t\t<div class=\"elementor-element elementor-element-b9cf161 e-con-full e-flex e-con e-parent\" data-id=\"b9cf161\" data-element_type=\"container\">\n\t\t\t\t<div class=\"elementor-element elementor-element-17f4a4c elementor-widget elementor-widget-image-gallery\" data-id=\"17f4a4c\" data-element_type=\"widget\" data-widget_type=\"image-gallery.default\">\n\t\t\t\t<div class=\"elementor-widget-container\">\n\t\t\t\t\t\t\t<div class=\"elementor-image-gallery\">\n\t\t\t<div id='gallery-1' class='gallery galleryid-1286 gallery-columns-3 gallery-size-full'><figure class='gallery-item'>\n\t\t\t<div class='gallery-icon landscape'>\n\t\t\t\t<a data-elementor-open-lightbox=\"yes\" data-elementor-lightbox-slideshow=\"17f4a4c\" data-elementor-lightbox-title=\"Complejo--01\" data-e-action-hash=\"#elementor-action%3Aaction%3Dlightbox%26settings%3DeyJpZCI6MTMwNiwidXJsIjoiaHR0cHM6XC9cL2FwYXJ0YmFoaWEuY29tXC9ob21lMjAyNVwvd3AtY29udGVudFwvdXBsb2Fkc1wvMjAyNVwvMDRcL0NvbXBsZWpvLTAxLTEuanBnIiwic2xpZGVzaG93IjoiMTdmNGE0YyJ9\" href='https:\/\/apartbahia.com\/home2025\/wp-content\/uploads\/2025\/04\/Complejo-01-1.jpg'><img fetchpriority=\"high\" decoding=\"async\" width=\"1900\" height=\"1000\" src=\"https:\/\/apartbahia.com\/home2025\/wp-content\/uploads\/2025\/04\/Complejo-01-1.jpg\" class=\"attachment-full size-full\" alt=\"\" srcset=\"https:\/\/apartbahia.com\/home2025\/wp-content\/uploads\/2025\/04\/Complejo-01-1.jpg 1900w, https:\/\/apartbahia.com\/home2025\/wp-content\/uploads\/2025\/04\/Complejo-01-1-300x158.jpg 300w, https:\/\/apartbahia.com\/home2025\/wp-content\/uploads\/2025\/04\/Complejo-01-1-1024x539.jpg 1024w, https:\/\/apartbahia.com\/home2025\/wp-content\/uploads\/2025\/04\/Complejo-01-1-768x404.jpg 768w, https:\/\/apartbahia.com\/home2025\/wp-content\/uploads\/2025\/04\/Complejo-01-1-1536x808.jpg 1536w\" sizes=\"(max-width: 1900px) 100vw, 1900px\" \/><\/a>\n\t\t\t<\/div><\/figure><figure class='gallery-item'>\n\t\t\t<div class='gallery-icon landscape'>\n\t\t\t\t<a data-elementor-open-lightbox=\"yes\" data-elementor-lightbox-slideshow=\"17f4a4c\" data-elementor-lightbox-title=\"Complejo-02\" data-e-action-hash=\"#elementor-action%3Aaction%3Dlightbox%26settings%3DeyJpZCI6MTI5NCwidXJsIjoiaHR0cHM6XC9cL2FwYXJ0YmFoaWEuY29tXC9ob21lMjAyNVwvd3AtY29udGVudFwvdXBsb2Fkc1wvMjAyNVwvMDRcL0NvbXBsZWpvLTAyLmpwZyIsInNsaWRlc2hvdyI6IjE3ZjRhNGMifQ%3D%3D\" href='https:\/\/apartbahia.com\/home2025\/wp-content\/uploads\/2025\/04\/Complejo-02.jpg'><img decoding=\"async\" width=\"1900\" height=\"1000\" src=\"https:\/\/apartbahia.com\/home2025\/wp-content\/uploads\/2025\/04\/Complejo-02.jpg\" class=\"attachment-full size-full\" alt=\"\" srcset=\"https:\/\/apartbahia.com\/home2025\/wp-content\/uploads\/2025\/04\/Complejo-02.jpg 1900w, https:\/\/apartbahia.com\/home2025\/wp-content\/uploads\/2025\/04\/Complejo-02-300x158.jpg 300w, https:\/\/apartbahia.com\/home2025\/wp-content\/uploads\/2025\/04\/Complejo-02-1024x539.jpg 1024w, https:\/\/apartbahia.com\/home2025\/wp-content\/uploads\/2025\/04\/Complejo-02-768x404.jpg 768w, https:\/\/apartbahia.com\/home2025\/wp-content\/uploads\/2025\/04\/Complejo-02-1536x808.jpg 1536w\" sizes=\"(max-width: 1900px) 100vw, 1900px\" \/><\/a>\n\t\t\t<\/div><\/figure><figure class='gallery-item'>\n\t\t\t<div class='gallery-icon landscape'>\n\t\t\t\t<a data-elementor-open-lightbox=\"yes\" data-elementor-lightbox-slideshow=\"17f4a4c\" data-elementor-lightbox-title=\"Complejo-03\" data-e-action-hash=\"#elementor-action%3Aaction%3Dlightbox%26settings%3DeyJpZCI6MTI5NSwidXJsIjoiaHR0cHM6XC9cL2FwYXJ0YmFoaWEuY29tXC9ob21lMjAyNVwvd3AtY29udGVudFwvdXBsb2Fkc1wvMjAyNVwvMDRcL0NvbXBsZWpvLTAzLmpwZyIsInNsaWRlc2hvdyI6IjE3ZjRhNGMifQ%3D%3D\" href='https:\/\/apartbahia.com\/home2025\/wp-content\/uploads\/2025\/04\/Complejo-03.jpg'><img decoding=\"async\" width=\"1900\" height=\"1000\" src=\"https:\/\/apartbahia.com\/home2025\/wp-content\/uploads\/2025\/04\/Complejo-03.jpg\" class=\"attachment-full size-full\" alt=\"\" srcset=\"https:\/\/apartbahia.com\/home2025\/wp-content\/uploads\/2025\/04\/Complejo-03.jpg 1900w, https:\/\/apartbahia.com\/home2025\/wp-content\/uploads\/2025\/04\/Complejo-03-300x158.jpg 300w, https:\/\/apartbahia.com\/home2025\/wp-content\/uploads\/2025\/04\/Complejo-03-1024x539.jpg 1024w, https:\/\/apartbahia.com\/home2025\/wp-content\/uploads\/2025\/04\/Complejo-03-768x404.jpg 768w, https:\/\/apartbahia.com\/home2025\/wp-content\/uploads\/2025\/04\/Complejo-03-1536x808.jpg 1536w\" sizes=\"(max-width: 1900px) 100vw, 1900px\" \/><\/a>\n\t\t\t<\/div><\/figure><figure class='gallery-item'>\n\t\t\t<div class='gallery-icon landscape'>\n\t\t\t\t<a data-elementor-open-lightbox=\"yes\" data-elementor-lightbox-slideshow=\"17f4a4c\" data-elementor-lightbox-title=\"Complejo-04\" data-e-action-hash=\"#elementor-action%3Aaction%3Dlightbox%26settings%3DeyJpZCI6MTI5OSwidXJsIjoiaHR0cHM6XC9cL2FwYXJ0YmFoaWEuY29tXC9ob21lMjAyNVwvd3AtY29udGVudFwvdXBsb2Fkc1wvMjAyNVwvMDRcL0NvbXBsZWpvLTA0LmpwZyIsInNsaWRlc2hvdyI6IjE3ZjRhNGMifQ%3D%3D\" href='https:\/\/apartbahia.com\/home2025\/wp-content\/uploads\/2025\/04\/Complejo-04.jpg'><img loading=\"lazy\" decoding=\"async\" width=\"1900\" height=\"1000\" src=\"https:\/\/apartbahia.com\/home2025\/wp-content\/uploads\/2025\/04\/Complejo-04.jpg\" class=\"attachment-full size-full\" alt=\"\" srcset=\"https:\/\/apartbahia.com\/home2025\/wp-content\/uploads\/2025\/04\/Complejo-04.jpg 1900w, https:\/\/apartbahia.com\/home2025\/wp-content\/uploads\/2025\/04\/Complejo-04-300x158.jpg 300w, https:\/\/apartbahia.com\/home2025\/wp-content\/uploads\/2025\/04\/Complejo-04-1024x539.jpg 1024w, https:\/\/apartbahia.com\/home2025\/wp-content\/uploads\/2025\/04\/Complejo-04-768x404.jpg 768w, https:\/\/apartbahia.com\/home2025\/wp-content\/uploads\/2025\/04\/Complejo-04-1536x808.jpg 1536w\" sizes=\"(max-width: 1900px) 100vw, 1900px\" \/><\/a>\n\t\t\t<\/div><\/figure><figure class='gallery-item'>\n\t\t\t<div class='gallery-icon landscape'>\n\t\t\t\t<a data-elementor-open-lightbox=\"yes\" data-elementor-lightbox-slideshow=\"17f4a4c\" data-elementor-lightbox-title=\"Complejo-05\" data-e-action-hash=\"#elementor-action%3Aaction%3Dlightbox%26settings%3DeyJpZCI6MTMwMSwidXJsIjoiaHR0cHM6XC9cL2FwYXJ0YmFoaWEuY29tXC9ob21lMjAyNVwvd3AtY29udGVudFwvdXBsb2Fkc1wvMjAyNVwvMDRcL0NvbXBsZWpvLTA1LmpwZyIsInNsaWRlc2hvdyI6IjE3ZjRhNGMifQ%3D%3D\" href='https:\/\/apartbahia.com\/home2025\/wp-content\/uploads\/2025\/04\/Complejo-05.jpg'><img loading=\"lazy\" decoding=\"async\" width=\"1900\" height=\"1000\" src=\"https:\/\/apartbahia.com\/home2025\/wp-content\/uploads\/2025\/04\/Complejo-05.jpg\" class=\"attachment-full size-full\" alt=\"\" srcset=\"https:\/\/apartbahia.com\/home2025\/wp-content\/uploads\/2025\/04\/Complejo-05.jpg 1900w, https:\/\/apartbahia.com\/home2025\/wp-content\/uploads\/2025\/04\/Complejo-05-300x158.jpg 300w, https:\/\/apartbahia.com\/home2025\/wp-content\/uploads\/2025\/04\/Complejo-05-1024x539.jpg 1024w, https:\/\/apartbahia.com\/home2025\/wp-content\/uploads\/2025\/04\/Complejo-05-768x404.jpg 768w, https:\/\/apartbahia.com\/home2025\/wp-content\/uploads\/2025\/04\/Complejo-05-1536x808.jpg 1536w\" sizes=\"(max-width: 1900px) 100vw, 1900px\" \/><\/a>\n\t\t\t<\/div><\/figure><figure class='gallery-item'>\n\t\t\t<div class='gallery-icon landscape'>\n\t\t\t\t<a data-elementor-open-lightbox=\"yes\" data-elementor-lightbox-slideshow=\"17f4a4c\" data-elementor-lightbox-title=\"Complejo-06\" data-e-action-hash=\"#elementor-action%3Aaction%3Dlightbox%26settings%3DeyJpZCI6MTMwMiwidXJsIjoiaHR0cHM6XC9cL2FwYXJ0YmFoaWEuY29tXC9ob21lMjAyNVwvd3AtY29udGVudFwvdXBsb2Fkc1wvMjAyNVwvMDRcL0NvbXBsZWpvLTA2LmpwZyIsInNsaWRlc2hvdyI6IjE3ZjRhNGMifQ%3D%3D\" href='https:\/\/apartbahia.com\/home2025\/wp-content\/uploads\/2025\/04\/Complejo-06.jpg'><img loading=\"lazy\" decoding=\"async\" width=\"1900\" height=\"1000\" src=\"https:\/\/apartbahia.com\/home2025\/wp-content\/uploads\/2025\/04\/Complejo-06.jpg\" class=\"attachment-full size-full\" alt=\"\" srcset=\"https:\/\/apartbahia.com\/home2025\/wp-content\/uploads\/2025\/04\/Complejo-06.jpg 1900w, https:\/\/apartbahia.com\/home2025\/wp-content\/uploads\/2025\/04\/Complejo-06-300x158.jpg 300w, https:\/\/apartbahia.com\/home2025\/wp-content\/uploads\/2025\/04\/Complejo-06-1024x539.jpg 1024w, https:\/\/apartbahia.com\/home2025\/wp-content\/uploads\/2025\/04\/Complejo-06-768x404.jpg 768w, https:\/\/apartbahia.com\/home2025\/wp-content\/uploads\/2025\/04\/Complejo-06-1536x808.jpg 1536w\" sizes=\"(max-width: 1900px) 100vw, 1900px\" \/><\/a>\n\t\t\t<\/div><\/figure>\n\t\t<\/div>\n\t\t<\/div>\n\t\t\t\t\t\t<\/div>\n\t\t\t\t<\/div>\n\t\t\t\t<\/div>\n\t\t<div class=\"elementor-element elementor-element-5a15a98 e-con-full e-flex e-con e-parent\" data-id=\"5a15a98\" data-element_type=\"container\">\n\t\t\t\t<div class=\"elementor-element elementor-element-80121a4 elementor-widget elementor-widget-image\" data-id=\"80121a4\" data-element_type=\"widget\" data-widget_type=\"image.default\">\n\t\t\t\t<div class=\"elementor-widget-container\">\n\t\t\t\t\t\t\t\t\t\t\t\t\t\t\t<img loading=\"lazy\" decoding=\"async\" width=\"2560\" height=\"240\" src=\"https:\/\/apartbahia.com\/home2025\/wp-content\/uploads\/2025\/03\/Separador-Logo-B-scaled.jpg\" class=\"attachment-full size-full wp-image-249\" alt=\"\" srcset=\"https:\/\/apartbahia.com\/home2025\/wp-content\/uploads\/2025\/03\/Separador-Logo-B-scaled.jpg 2560w, https:\/\/apartbahia.com\/home2025\/wp-content\/uploads\/2025\/03\/Separador-Logo-B-300x28.jpg 300w, https:\/\/apartbahia.com\/home2025\/wp-content\/uploads\/2025\/03\/Separador-Logo-B-1024x96.jpg 1024w, https:\/\/apartbahia.com\/home2025\/wp-content\/uploads\/2025\/03\/Separador-Logo-B-768x72.jpg 768w, https:\/\/apartbahia.com\/home2025\/wp-content\/uploads\/2025\/03\/Separador-Logo-B-1536x144.jpg 1536w, https:\/\/apartbahia.com\/home2025\/wp-content\/uploads\/2025\/03\/Separador-Logo-B-2048x192.jpg 2048w\" sizes=\"(max-width: 2560px) 100vw, 2560px\" \/>\t\t\t\t\t\t\t\t\t\t\t\t\t\t\t<\/div>\n\t\t\t\t<\/div>\n\t\t\t\t<\/div>\n\t\t\t\t<\/div>\n\t\t","protected":false},"excerpt":{"rendered":"<p>Experiencia Bah\u00eda Apart &amp; Spa El complejo Nuestras instalaciones Emplazado en la exclusiva zona de Bah\u00eda de los Vientos (Quequ\u00e9n), BAH\u00cdA APART &amp; SPA te ofrece todo lo necesario para que disfrutes de un descanso c\u00e1lido y placentero, enmarcado por el sonido y el aire del mar. Cada unidad cuenta con terrazas amobladas para el [&hellip;]<\/p>\n","protected":false},"author":3,"featured_media":0,"parent":0,"menu_order":0,"comment_status":"closed","ping_status":"closed","template":"","meta":{"_joinchat":[],"footnotes":""},"class_list":["post-1286","page","type-page","status-publish","hentry"],"_links":{"self":[{"href":"https:\/\/apartbahia.com\/home2025\/wp-json\/wp\/v2\/pages\/1286","targetHints":{"allow":["GET"]}}],"collection":[{"href":"https:\/\/apartbahia.com\/home2025\/wp-json\/wp\/v2\/pages"}],"about":[{"href":"https:\/\/apartbahia.com\/home2025\/wp-json\/wp\/v2\/types\/page"}],"author":[{"embeddable":true,"href":"https:\/\/apartbahia.com\/home2025\/wp-json\/wp\/v2\/users\/3"}],"replies":[{"embeddable":true,"href":"https:\/\/apartbahia.com\/home2025\/wp-json\/wp\/v2\/comments?post=1286"}],"version-history":[{"count":16,"href":"https:\/\/apartbahia.com\/home2025\/wp-json\/wp\/v2\/pages\/1286\/revisions"}],"predecessor-version":[{"id":1322,"href":"https:\/\/apartbahia.com\/home2025\/wp-json\/wp\/v2\/pages\/1286\/revisions\/1322"}],"wp:attachment":[{"href":"https:\/\/apartbahia.com\/home2025\/wp-json\/wp\/v2\/media?parent=1286"}],"curies":[{"name":"wp","href":"https:\/\/api.w.org\/{rel}","templated":true}]}}