{"id":1170,"date":"2025-04-01T09:31:21","date_gmt":"2025-04-01T12:31:21","guid":{"rendered":"https:\/\/apartbahia.com\/home2025\/?page_id=1170"},"modified":"2025-04-01T10:17:13","modified_gmt":"2025-04-01T13:17:13","slug":"actividades","status":"publish","type":"page","link":"https:\/\/apartbahia.com\/home2025\/actividades\/","title":{"rendered":"Actividades"},"content":{"rendered":"\t\t<div data-elementor-type=\"wp-page\" data-elementor-id=\"1170\" class=\"elementor elementor-1170\" data-elementor-post-type=\"page\">\n\t\t\t\t<div class=\"elementor-element elementor-element-b61fe82 e-flex e-con-boxed e-con e-parent\" data-id=\"b61fe82\" data-element_type=\"container\" data-settings=\"{&quot;background_background&quot;:&quot;classic&quot;}\">\n\t\t\t\t\t<div class=\"e-con-inner\">\n\t\t\t\t<div class=\"elementor-element elementor-element-27b5efa elementor-widget elementor-widget-heading\" data-id=\"27b5efa\" data-element_type=\"widget\" data-widget_type=\"heading.default\">\n\t\t\t\t<div class=\"elementor-widget-container\">\n\t\t\t\t\t<h2 class=\"elementor-heading-title elementor-size-default\">Experiencia Bah\u00eda Apart &amp; Spa<\/h2>\t\t\t\t<\/div>\n\t\t\t\t<\/div>\n\t\t\t\t<div class=\"elementor-element elementor-element-d3714d3 elementor-widget elementor-widget-heading\" data-id=\"d3714d3\" data-element_type=\"widget\" data-widget_type=\"heading.default\">\n\t\t\t\t<div class=\"elementor-widget-container\">\n\t\t\t\t\t<h2 class=\"elementor-heading-title elementor-size-default\">Actividades<\/h2>\t\t\t\t<\/div>\n\t\t\t\t<\/div>\n\t\t\t\t\t<\/div>\n\t\t\t\t<\/div>\n\t\t<div class=\"elementor-element elementor-element-ac5940a e-flex e-con-boxed e-con e-parent\" data-id=\"ac5940a\" data-element_type=\"container\">\n\t\t\t\t\t<div class=\"e-con-inner\">\n\t\t\t\t<div class=\"elementor-element elementor-element-f9c4392 elementor-widget elementor-widget-heading\" data-id=\"f9c4392\" data-element_type=\"widget\" data-widget_type=\"heading.default\">\n\t\t\t\t<div class=\"elementor-widget-container\">\n\t\t\t\t\t<h2 class=\"elementor-heading-title elementor-size-default\">Qu\u00e9 hacer en quequ\u00e9n<\/h2>\t\t\t\t<\/div>\n\t\t\t\t<\/div>\n\t\t\t\t\t<\/div>\n\t\t\t\t<\/div>\n\t\t<div class=\"elementor-element elementor-element-53bdf4f e-flex e-con-boxed e-con e-parent\" data-id=\"53bdf4f\" data-element_type=\"container\">\n\t\t\t\t\t<div class=\"e-con-inner\">\n\t\t\t\t<div class=\"elementor-element elementor-element-e9eb952 elementor-widget elementor-widget-heading\" data-id=\"e9eb952\" data-element_type=\"widget\" data-widget_type=\"heading.default\">\n\t\t\t\t<div class=\"elementor-widget-container\">\n\t\t\t\t\t<h2 class=\"elementor-heading-title elementor-size-default\">Quequ\u00e9n es un destino ideal para quienes buscan <b>naturaleza y aventura<\/b>. Sus <b>extensas playas y paisajes \u00fanicos<\/b> ofrecen un entorno perfecto para disfrutar de diversas actividades al aire libre.<br><br> Pod\u00e9s realizar <b>recorridos en bicicleta o a pie, respirar aire puro mientras camin\u00e1s por la costa o aventurarte en emocionantes cabalgatas.<\/b> Si te apasiona la pesca, sus aguas son ideales para la captura de diversas especies.<br><br>Para los <b>amantes golf, muy cerca del complejo se encuentra el Necochea Golf Club, con un campo de juego muy pintoresco, con 18 desafiantes hoyos<\/b> en medio de un entorno inigualable, rodeado de naturaleza.<br><br>Ven\u00ed a descubrir la combinaci\u00f3n perfecta de tranquilidad y diversi\u00f3n. \u00a1Quequ\u00e9n te espera!<\/h2>\t\t\t\t<\/div>\n\t\t\t\t<\/div>\n\t\t\t\t\t<\/div>\n\t\t\t\t<\/div>\n\t\t<div class=\"elementor-element elementor-element-51b8de8 e-con-full e-flex e-con e-parent\" data-id=\"51b8de8\" data-element_type=\"container\">\n\t\t<div class=\"elementor-element elementor-element-947276c e-con-full e-flex e-con e-child\" data-id=\"947276c\" data-element_type=\"container\" data-settings=\"{&quot;background_background&quot;:&quot;classic&quot;}\">\n\t\t\t\t<div class=\"elementor-element elementor-element-67e70b4 elementor-widget elementor-widget-heading\" data-id=\"67e70b4\" data-element_type=\"widget\" data-widget_type=\"heading.default\">\n\t\t\t\t<div class=\"elementor-widget-container\">\n\t\t\t\t\t<h2 class=\"elementor-heading-title elementor-size-default\">Actividades<\/h2>\t\t\t\t<\/div>\n\t\t\t\t<\/div>\n\t\t\t\t<\/div>\n\t\t<div class=\"elementor-element elementor-element-1b0b5dd e-con-full e-flex e-con e-child\" data-id=\"1b0b5dd\" data-element_type=\"container\" data-settings=\"{&quot;background_background&quot;:&quot;classic&quot;}\">\n\t\t\t\t<div class=\"elementor-element elementor-element-45ad627 elementor-view-default elementor-widget elementor-widget-icon\" data-id=\"45ad627\" data-element_type=\"widget\" data-widget_type=\"icon.default\">\n\t\t\t\t<div class=\"elementor-widget-container\">\n\t\t\t\t\t\t\t<div class=\"elementor-icon-wrapper\">\n\t\t\t<div class=\"elementor-icon\">\n\t\t\t<svg aria-hidden=\"true\" class=\"e-font-icon-svg e-fas-golf-ball\" viewBox=\"0 0 416 512\" xmlns=\"http:\/\/www.w3.org\/2000\/svg\"><path d=\"M96 416h224c0 17.7-14.3 32-32 32h-16c-17.7 0-32 14.3-32 32v20c0 6.6-5.4 12-12 12h-40c-6.6 0-12-5.4-12-12v-20c0-17.7-14.3-32-32-32h-16c-17.7 0-32-14.3-32-32zm320-208c0 74.2-39 139.2-97.5 176h-221C39 347.2 0 282.2 0 208 0 93.1 93.1 0 208 0s208 93.1 208 208zm-180.1 43.9c18.3 0 33.1-14.8 33.1-33.1 0-14.4-9.3-26.3-22.1-30.9 9.6 26.8-15.6 51.3-41.9 41.9 4.6 12.8 16.5 22.1 30.9 22.1zm49.1 46.9c0-14.4-9.3-26.3-22.1-30.9 9.6 26.8-15.6 51.3-41.9 41.9 4.6 12.8 16.5 22.1 30.9 22.1 18.3 0 33.1-14.9 33.1-33.1zm64-64c0-14.4-9.3-26.3-22.1-30.9 9.6 26.8-15.6 51.3-41.9 41.9 4.6 12.8 16.5 22.1 30.9 22.1 18.3 0 33.1-14.9 33.1-33.1z\"><\/path><\/svg>\t\t\t<\/div>\n\t\t<\/div>\n\t\t\t\t\t\t<\/div>\n\t\t\t\t<\/div>\n\t\t\t\t<div class=\"elementor-element elementor-element-be7117c elementor-widget elementor-widget-heading\" data-id=\"be7117c\" data-element_type=\"widget\" data-widget_type=\"heading.default\">\n\t\t\t\t<div class=\"elementor-widget-container\">\n\t\t\t\t\t<h2 class=\"elementor-heading-title elementor-size-default\">Golf<\/h2>\t\t\t\t<\/div>\n\t\t\t\t<\/div>\n\t\t\t\t<\/div>\n\t\t<div class=\"elementor-element elementor-element-44a2250 e-con-full e-flex e-con e-child\" data-id=\"44a2250\" data-element_type=\"container\" data-settings=\"{&quot;background_background&quot;:&quot;classic&quot;}\">\n\t\t\t\t<div class=\"elementor-element elementor-element-2f2e1e0 elementor-view-default elementor-widget elementor-widget-icon\" data-id=\"2f2e1e0\" data-element_type=\"widget\" data-widget_type=\"icon.default\">\n\t\t\t\t<div class=\"elementor-widget-container\">\n\t\t\t\t\t\t\t<div class=\"elementor-icon-wrapper\">\n\t\t\t<div class=\"elementor-icon\">\n\t\t\t<svg aria-hidden=\"true\" class=\"e-font-icon-svg e-fas-walking\" viewBox=\"0 0 320 512\" xmlns=\"http:\/\/www.w3.org\/2000\/svg\"><path d=\"M208 96c26.5 0 48-21.5 48-48S234.5 0 208 0s-48 21.5-48 48 21.5 48 48 48zm94.5 149.1l-23.3-11.8-9.7-29.4c-14.7-44.6-55.7-75.8-102.2-75.9-36-.1-55.9 10.1-93.3 25.2-21.6 8.7-39.3 25.2-49.7 46.2L17.6 213c-7.8 15.8-1.5 35 14.2 42.9 15.6 7.9 34.6 1.5 42.5-14.3L81 228c3.5-7 9.3-12.5 16.5-15.4l26.8-10.8-15.2 60.7c-5.2 20.8.4 42.9 14.9 58.8l59.9 65.4c7.2 7.9 12.3 17.4 14.9 27.7l18.3 73.3c4.3 17.1 21.7 27.6 38.8 23.3 17.1-4.3 27.6-21.7 23.3-38.8l-22.2-89c-2.6-10.3-7.7-19.9-14.9-27.7l-45.5-49.7 17.2-68.7 5.5 16.5c5.3 16.1 16.7 29.4 31.7 37l23.3 11.8c15.6 7.9 34.6 1.5 42.5-14.3 7.7-15.7 1.4-35.1-14.3-43zM73.6 385.8c-3.2 8.1-8 15.4-14.2 21.5l-50 50.1c-12.5 12.5-12.5 32.8 0 45.3s32.7 12.5 45.2 0l59.4-59.4c6.1-6.1 10.9-13.4 14.2-21.5l13.5-33.8c-55.3-60.3-38.7-41.8-47.4-53.7l-20.7 51.5z\"><\/path><\/svg>\t\t\t<\/div>\n\t\t<\/div>\n\t\t\t\t\t\t<\/div>\n\t\t\t\t<\/div>\n\t\t\t\t<div class=\"elementor-element elementor-element-92c9e1f elementor-widget elementor-widget-heading\" data-id=\"92c9e1f\" data-element_type=\"widget\" data-widget_type=\"heading.default\">\n\t\t\t\t<div class=\"elementor-widget-container\">\n\t\t\t\t\t<h2 class=\"elementor-heading-title elementor-size-default\">Caminatas<\/h2>\t\t\t\t<\/div>\n\t\t\t\t<\/div>\n\t\t\t\t<\/div>\n\t\t<div class=\"elementor-element elementor-element-100833b e-con-full e-flex e-con e-child\" data-id=\"100833b\" data-element_type=\"container\" data-settings=\"{&quot;background_background&quot;:&quot;classic&quot;}\">\n\t\t\t\t<div class=\"elementor-element elementor-element-1f810e5 elementor-view-default elementor-widget elementor-widget-icon\" data-id=\"1f810e5\" data-element_type=\"widget\" data-widget_type=\"icon.default\">\n\t\t\t\t<div class=\"elementor-widget-container\">\n\t\t\t\t\t\t\t<div class=\"elementor-icon-wrapper\">\n\t\t\t<div class=\"elementor-icon\">\n\t\t\t<svg aria-hidden=\"true\" class=\"e-font-icon-svg e-fas-biking\" viewBox=\"0 0 640 512\" xmlns=\"http:\/\/www.w3.org\/2000\/svg\"><path d=\"M400 96a48 48 0 1 0-48-48 48 48 0 0 0 48 48zm-4 121a31.9 31.9 0 0 0 20 7h64a32 32 0 0 0 0-64h-52.78L356 103a31.94 31.94 0 0 0-40.81.68l-112 96a32 32 0 0 0 3.08 50.92L288 305.12V416a32 32 0 0 0 64 0V288a32 32 0 0 0-14.25-26.62l-41.36-27.57 58.25-49.92zm116 39a128 128 0 1 0 128 128 128 128 0 0 0-128-128zm0 192a64 64 0 1 1 64-64 64 64 0 0 1-64 64zM128 256a128 128 0 1 0 128 128 128 128 0 0 0-128-128zm0 192a64 64 0 1 1 64-64 64 64 0 0 1-64 64z\"><\/path><\/svg>\t\t\t<\/div>\n\t\t<\/div>\n\t\t\t\t\t\t<\/div>\n\t\t\t\t<\/div>\n\t\t\t\t<div class=\"elementor-element elementor-element-83860b1 elementor-widget elementor-widget-heading\" data-id=\"83860b1\" data-element_type=\"widget\" data-widget_type=\"heading.default\">\n\t\t\t\t<div class=\"elementor-widget-container\">\n\t\t\t\t\t<h2 class=\"elementor-heading-title elementor-size-default\">Bicicleta<\/h2>\t\t\t\t<\/div>\n\t\t\t\t<\/div>\n\t\t\t\t<\/div>\n\t\t<div class=\"elementor-element elementor-element-c517f22 e-con-full e-flex e-con e-child\" data-id=\"c517f22\" data-element_type=\"container\" data-settings=\"{&quot;background_background&quot;:&quot;classic&quot;}\">\n\t\t\t\t<div class=\"elementor-element elementor-element-f4745b4 elementor-view-default elementor-widget elementor-widget-icon\" data-id=\"f4745b4\" data-element_type=\"widget\" data-widget_type=\"icon.default\">\n\t\t\t\t<div class=\"elementor-widget-container\">\n\t\t\t\t\t\t\t<div class=\"elementor-icon-wrapper\">\n\t\t\t<div class=\"elementor-icon\">\n\t\t\t<svg aria-hidden=\"true\" class=\"e-font-icon-svg e-fas-fish\" viewBox=\"0 0 576 512\" xmlns=\"http:\/\/www.w3.org\/2000\/svg\"><path d=\"M327.1 96c-89.97 0-168.54 54.77-212.27 101.63L27.5 131.58c-12.13-9.18-30.24.6-27.14 14.66L24.54 256 .35 365.77c-3.1 14.06 15.01 23.83 27.14 14.66l87.33-66.05C158.55 361.23 237.13 416 327.1 416 464.56 416 576 288 576 256S464.56 96 327.1 96zm87.43 184c-13.25 0-24-10.75-24-24 0-13.26 10.75-24 24-24 13.26 0 24 10.74 24 24 0 13.25-10.75 24-24 24z\"><\/path><\/svg>\t\t\t<\/div>\n\t\t<\/div>\n\t\t\t\t\t\t<\/div>\n\t\t\t\t<\/div>\n\t\t\t\t<div class=\"elementor-element elementor-element-c931ddf elementor-widget elementor-widget-heading\" data-id=\"c931ddf\" data-element_type=\"widget\" data-widget_type=\"heading.default\">\n\t\t\t\t<div class=\"elementor-widget-container\">\n\t\t\t\t\t<h2 class=\"elementor-heading-title elementor-size-default\">Pesca<\/h2>\t\t\t\t<\/div>\n\t\t\t\t<\/div>\n\t\t\t\t<\/div>\n\t\t<div class=\"elementor-element elementor-element-ab96117 e-con-full e-flex e-con e-child\" data-id=\"ab96117\" data-element_type=\"container\" data-settings=\"{&quot;background_background&quot;:&quot;classic&quot;}\">\n\t\t\t\t<div class=\"elementor-element elementor-element-351e071 elementor-view-default elementor-widget elementor-widget-icon\" data-id=\"351e071\" data-element_type=\"widget\" data-widget_type=\"icon.default\">\n\t\t\t\t<div class=\"elementor-widget-container\">\n\t\t\t\t\t\t\t<div class=\"elementor-icon-wrapper\">\n\t\t\t<div class=\"elementor-icon\">\n\t\t\t<svg aria-hidden=\"true\" class=\"e-font-icon-svg e-fas-horse\" viewBox=\"0 0 576 512\" xmlns=\"http:\/\/www.w3.org\/2000\/svg\"><path d=\"M575.92 76.6c-.01-8.13-3.02-15.87-8.58-21.8-3.78-4.03-8.58-9.12-13.69-14.5 11.06-6.84 19.5-17.49 22.18-30.66C576.85 4.68 572.96 0 567.9 0H447.92c-70.69 0-128 57.31-128 128H160c-28.84 0-54.4 12.98-72 33.11V160c-48.53 0-88 39.47-88 88v56c0 8.84 7.16 16 16 16h16c8.84 0 16-7.16 16-16v-56c0-13.22 6.87-24.39 16.78-31.68-.21 2.58-.78 5.05-.78 7.68 0 27.64 11.84 52.36 30.54 69.88l-25.72 68.6a63.945 63.945 0 0 0-2.16 37.99l24.85 99.41A15.982 15.982 0 0 0 107.02 512h65.96c10.41 0 18.05-9.78 15.52-19.88l-26.31-105.26 23.84-63.59L320 345.6V496c0 8.84 7.16 16 16 16h64c8.84 0 16-7.16 16-16V318.22c19.74-20.19 32-47.75 32-78.22 0-.22-.07-.42-.08-.64V136.89l16 7.11 18.9 37.7c7.45 14.87 25.05 21.55 40.49 15.37l32.55-13.02a31.997 31.997 0 0 0 20.12-29.74l-.06-77.71zm-64 19.4c-8.84 0-16-7.16-16-16s7.16-16 16-16 16 7.16 16 16-7.16 16-16 16z\"><\/path><\/svg>\t\t\t<\/div>\n\t\t<\/div>\n\t\t\t\t\t\t<\/div>\n\t\t\t\t<\/div>\n\t\t\t\t<div class=\"elementor-element elementor-element-2d18e76 elementor-widget elementor-widget-heading\" data-id=\"2d18e76\" data-element_type=\"widget\" data-widget_type=\"heading.default\">\n\t\t\t\t<div class=\"elementor-widget-container\">\n\t\t\t\t\t<h2 class=\"elementor-heading-title elementor-size-default\">Cabalgatas<\/h2>\t\t\t\t<\/div>\n\t\t\t\t<\/div>\n\t\t\t\t<\/div>\n\t\t\t\t<\/div>\n\t\t<div class=\"elementor-element elementor-element-5a15a98 e-con-full e-flex e-con e-parent\" data-id=\"5a15a98\" data-element_type=\"container\">\n\t\t\t\t<div class=\"elementor-element elementor-element-80121a4 elementor-widget elementor-widget-image\" data-id=\"80121a4\" data-element_type=\"widget\" data-widget_type=\"image.default\">\n\t\t\t\t<div class=\"elementor-widget-container\">\n\t\t\t\t\t\t\t\t\t\t\t\t\t\t\t<img fetchpriority=\"high\" decoding=\"async\" width=\"2560\" height=\"240\" src=\"https:\/\/apartbahia.com\/home2025\/wp-content\/uploads\/2025\/03\/Separador-Logo-B-scaled.jpg\" class=\"attachment-full size-full wp-image-249\" alt=\"\" srcset=\"https:\/\/apartbahia.com\/home2025\/wp-content\/uploads\/2025\/03\/Separador-Logo-B-scaled.jpg 2560w, https:\/\/apartbahia.com\/home2025\/wp-content\/uploads\/2025\/03\/Separador-Logo-B-300x28.jpg 300w, https:\/\/apartbahia.com\/home2025\/wp-content\/uploads\/2025\/03\/Separador-Logo-B-1024x96.jpg 1024w, https:\/\/apartbahia.com\/home2025\/wp-content\/uploads\/2025\/03\/Separador-Logo-B-768x72.jpg 768w, https:\/\/apartbahia.com\/home2025\/wp-content\/uploads\/2025\/03\/Separador-Logo-B-1536x144.jpg 1536w, https:\/\/apartbahia.com\/home2025\/wp-content\/uploads\/2025\/03\/Separador-Logo-B-2048x192.jpg 2048w\" sizes=\"(max-width: 2560px) 100vw, 2560px\" \/>\t\t\t\t\t\t\t\t\t\t\t\t\t\t\t<\/div>\n\t\t\t\t<\/div>\n\t\t\t\t<\/div>\n\t\t\t\t<\/div>\n\t\t","protected":false},"excerpt":{"rendered":"<p>Experiencia Bah\u00eda Apart &amp; Spa Actividades Qu\u00e9 hacer en quequ\u00e9n Quequ\u00e9n es un destino ideal para quienes buscan naturaleza y aventura. Sus extensas playas y paisajes \u00fanicos ofrecen un entorno perfecto para disfrutar de diversas actividades al aire libre. Pod\u00e9s realizar recorridos en bicicleta o a pie, respirar aire puro mientras camin\u00e1s por la costa [&hellip;]<\/p>\n","protected":false},"author":3,"featured_media":0,"parent":0,"menu_order":0,"comment_status":"closed","ping_status":"closed","template":"","meta":{"_joinchat":[],"footnotes":""},"class_list":["post-1170","page","type-page","status-publish","hentry"],"_links":{"self":[{"href":"https:\/\/apartbahia.com\/home2025\/wp-json\/wp\/v2\/pages\/1170","targetHints":{"allow":["GET"]}}],"collection":[{"href":"https:\/\/apartbahia.com\/home2025\/wp-json\/wp\/v2\/pages"}],"about":[{"href":"https:\/\/apartbahia.com\/home2025\/wp-json\/wp\/v2\/types\/page"}],"author":[{"embeddable":true,"href":"https:\/\/apartbahia.com\/home2025\/wp-json\/wp\/v2\/users\/3"}],"replies":[{"embeddable":true,"href":"https:\/\/apartbahia.com\/home2025\/wp-json\/wp\/v2\/comments?post=1170"}],"version-history":[{"count":40,"href":"https:\/\/apartbahia.com\/home2025\/wp-json\/wp\/v2\/pages\/1170\/revisions"}],"predecessor-version":[{"id":1243,"href":"https:\/\/apartbahia.com\/home2025\/wp-json\/wp\/v2\/pages\/1170\/revisions\/1243"}],"wp:attachment":[{"href":"https:\/\/apartbahia.com\/home2025\/wp-json\/wp\/v2\/media?parent=1170"}],"curies":[{"name":"wp","href":"https:\/\/api.w.org\/{rel}","templated":true}]}}